{"id":29,"date":"2017-06-27T07:54:22","date_gmt":"2017-06-27T07:54:22","guid":{"rendered":"http:\/\/joutavilla.fi\/?page_id=29"},"modified":"2019-05-15T22:53:02","modified_gmt":"2019-05-15T20:53:02","slug":"meidan_tarina","status":"publish","type":"page","link":"https:\/\/www.joutavilla.fi\/index.php\/meidan_tarina\/","title":{"rendered":"Meid\u00e4n tarina"},"content":{"rendered":"<p>[vc_row][vc_column][vc_empty_space alter_height=&#8221;huge&#8221; hide_on_desktop=&#8221;&#8221; hide_on_notebook=&#8221;&#8221; hide_on_tablet=&#8221;&#8221; hide_on_mobile=&#8221;&#8221;]<div id=\"sc_title_1665393963\"\n\t\tclass=\"sc_title color_style_default sc_title_default\"><h3 class=\"sc_item_title sc_title_title sc_align_center sc_item_title_style_default\">Meid\u00e4n tarina<\/h3><\/div><!-- \/.sc_title -->[vc_empty_space alter_height=&#8221;medium&#8221; hide_on_desktop=&#8221;&#8221; hide_on_notebook=&#8221;&#8221; hide_on_tablet=&#8221;&#8221; hide_on_mobile=&#8221;&#8221; css=&#8221;.vc_custom_1505743881350{margin-top: 2.2rem !important;}&#8221;]<div  id=\"sc_promo_967949286\" \n\tclass=\"sc_promo color_style_default sc_promo_default  vc_custom_1557076341142 sc_promo_size_normal sc_promo_image_position_left\"><div class=\"sc_promo_image\" style=\"background-image:url(https:\/\/www.joutavilla.fi\/wp-content\/uploads\/2019\/05\/P1030723.jpg);width:50%;left: 0;\"><\/div><div class=\"sc_promo_text\" style=\"width: 50%;float: right;\">\n\t\t\t<div class=\"sc_promo_text_inner sc_content_width_50%\" style=\"\"><h4 class=\"sc_item_title sc_promo_title sc_align_center sc_item_title_style_default sc_item_title_tag\">T\u00e4st\u00e4 kaikki alkoi...<\/h4><div class=\"sc_item_descr sc_promo_descr sc_align_center\"><p>Olemme tuore maaseutuyritys Vehmersalmen Litmaniemell\u00e4. Muutimme perheen\u00e4 nykyiselle tilallemme kes\u00e4ll\u00e4 2017 ja aloimme v\u00e4litt\u00f6m\u00e4sti remontoimaan ihanaa, mutta hiukan ajan nakertamaa vanhaa pihapiiri\u00e4 rakennuksineen. Talon mukana saimme kourallisen kanoja sek\u00e4 oivallisen hiirikissan, Rauhan. Tilalle alkoi pikkuhiljaa, harrastusmieless\u00e4 ja haaveiden toteutuessa, ilmaantua my\u00f6s muita el\u00e4inlajeja, kuten hevosia ja lampaita. Maalla el\u00e4minen ja el\u00e4inten hoitaminen alkoi pian vied\u00e4 mukanaan niin, ett\u00e4 kev\u00e4\u00e4ll\u00e4 2018 totesimme omistavamme niin mainion elinymp\u00e4rist\u00f6n ja el\u00e4inkatraan, ett\u00e4 t\u00e4st\u00e4 voisi olla jakamista my\u00f6s muillekin. Niinp\u00e4 sai alkunsa JoutaVilla.<\/p>\n<\/div><div class=\"sc_promo_content sc_item_content\">[vc_empty_space alter_height=&#8221;medium&#8221; hide_on_desktop=&#8221;&#8221; hide_on_notebook=&#8221;&#8221; hide_on_tablet=&#8221;&#8221; hide_on_mobile=&#8221;&#8221;]<\/div><\/div>\n\t\t<\/div><!-- \/.sc_promo_text --><\/div><!-- \/.sc_promo -->[vc_empty_space alter_height=&#8221;medium&#8221; hide_on_desktop=&#8221;&#8221; hide_on_notebook=&#8221;&#8221; hide_on_tablet=&#8221;&#8221; hide_on_mobile=&#8221;&#8221;][\/vc_column][\/vc_row]<\/p>\n","protected":false},"excerpt":{"rendered":"<p>[vc_row][vc_column][vc_empty_space alter_height=&#8221;huge&#8221; hide_on_desktop=&#8221;&#8221; hide_on_notebook=&#8221;&#8221; hide_on_tablet=&#8221;&#8221; hide_on_mobile=&#8221;&#8221;][vc_empty_space alter_height=&#8221;medium&#8221; hide_on_desktop=&#8221;&#8221; hide_on_notebook=&#8221;&#8221; hide_on_tablet=&#8221;&#8221; hide_on_mobile=&#8221;&#8221; css=&#8221;.vc_custom_1505743881350{margin-top: 2.2rem !important;}&#8221;][vc_empty_space alter_height=&#8221;medium&#8221; hide_on_desktop=&#8221;&#8221; hide_on_notebook=&#8221;&#8221; hide_on_tablet=&#8221;&#8221; hide_on_mobile=&#8221;&#8221;][\/vc_column][\/vc_row]<\/p>\n","protected":false},"author":1,"featured_media":0,"parent":0,"menu_order":0,"comment_status":"closed","ping_status":"closed","template":"","meta":{"footnotes":""},"class_list":["post-29","page","type-page","status-publish","hentry"],"_links":{"self":[{"href":"https:\/\/www.joutavilla.fi\/index.php\/wp-json\/wp\/v2\/pages\/29","targetHints":{"allow":["GET"]}}],"collection":[{"href":"https:\/\/www.joutavilla.fi\/index.php\/wp-json\/wp\/v2\/pages"}],"about":[{"href":"https:\/\/www.joutavilla.fi\/index.php\/wp-json\/wp\/v2\/types\/page"}],"author":[{"embeddable":true,"href":"https:\/\/www.joutavilla.fi\/index.php\/wp-json\/wp\/v2\/users\/1"}],"replies":[{"embeddable":true,"href":"https:\/\/www.joutavilla.fi\/index.php\/wp-json\/wp\/v2\/comments?post=29"}],"version-history":[{"count":16,"href":"https:\/\/www.joutavilla.fi\/index.php\/wp-json\/wp\/v2\/pages\/29\/revisions"}],"predecessor-version":[{"id":1504,"href":"https:\/\/www.joutavilla.fi\/index.php\/wp-json\/wp\/v2\/pages\/29\/revisions\/1504"}],"wp:attachment":[{"href":"https:\/\/www.joutavilla.fi\/index.php\/wp-json\/wp\/v2\/media?parent=29"}],"curies":[{"name":"wp","href":"https:\/\/api.w.org\/{rel}","templated":true}]}}