{"id":1187,"date":"2019-05-06T13:50:58","date_gmt":"2019-05-06T11:50:58","guid":{"rendered":"http:\/\/joutavilla.fi\/?page_id=1187"},"modified":"2024-07-06T19:04:43","modified_gmt":"2024-07-06T16:04:43","slug":"tilan-elaimet-2","status":"publish","type":"page","link":"https:\/\/www.joutavilla.fi\/index.php\/tilan-elaimet-2\/","title":{"rendered":"Tilan el\u00e4imet"},"content":{"rendered":"<p>[vc_row][vc_column][vc_empty_space alter_height=&#8221;medium&#8221; hide_on_desktop=&#8221;&#8221; hide_on_notebook=&#8221;&#8221; hide_on_tablet=&#8221;&#8221; hide_on_mobile=&#8221;&#8221;][vc_empty_space alter_height=&#8221;huge&#8221; hide_on_desktop=&#8221;&#8221; hide_on_notebook=&#8221;&#8221; hide_on_tablet=&#8221;&#8221; hide_on_mobile=&#8221;&#8221;]<div id=\"sc_title_816589873\"\n\t\tclass=\"sc_title color_style_default sc_title_default\"><h3 class=\"sc_item_title sc_title_title sc_align_center sc_item_title_style_default\">Tilan el\u00e4imet<\/h3><\/div><!-- \/.sc_title -->[vc_empty_space alter_height=&#8221;medium&#8221; hide_on_desktop=&#8221;&#8221; hide_on_notebook=&#8221;&#8221; hide_on_tablet=&#8221;&#8221; hide_on_mobile=&#8221;&#8221; css=&#8221;.vc_custom_1505743881350{margin-top: 2.2rem !important;}&#8221;]<div  id=\"sc_promo_134705240\" \n\tclass=\"sc_promo color_style_default sc_promo_default  vc_custom_1557300393273 sc_promo_size_normal sc_promo_image_position_left\"><div class=\"sc_promo_image\" style=\"background-image:url(https:\/\/www.joutavilla.fi\/wp-content\/uploads\/2019\/05\/berttajamartta.jpg);width:50%;left: 0;\"><\/div><div class=\"sc_promo_text\" style=\"width: 50%;float: right;\">\n\t\t\t<div class=\"sc_promo_text_inner sc_content_width_50%\" style=\"\"><h4 class=\"sc_item_title sc_promo_title sc_align_center sc_item_title_style_default sc_item_title_tag\">Suomenlammas<\/h4><div class=\"sc_item_descr sc_promo_descr sc_align_center\"><p>Suomenlammas on yksi alkuper\u00e4isroduistamme. Se on luonteeltaan valpas ja eloisa, ja se omaa erityisen vahvan laumavaiston. Suomenlampaan v\u00e4rit ovat valkoinen, ruskea ja musta. Suomenlammas on maailmanlaajuisesti tunnettu hyv\u00e4st\u00e4 siki\u00e4vyydest\u00e4\u00e4n. Se voi synnytt\u00e4\u00e4 kerrallaan jopa kuusi karitsaa. Keskim\u00e4\u00e4r\u00e4inen vuonuekoko on kuitenkin 2,7 karitsaa. Rodun emo-ominaisuudet ovat my\u00f6s ensiluokkaiset.Suomenlammaskaritsat ovat teuraskypsi\u00e4 yleens\u00e4 n. puolen vuoden ik\u00e4isin\u00e4. Niiden liha on aikuisen lampaan lihaan verraten mureaa, hienosyist\u00e4 ja miedonmakuista. Suomenlampaan lihan tekee terveelliseksi se, ett\u00e4 el\u00e4imess\u00e4 oleva rasva ei marmoroidu lihaksiin, vaan se on sis\u00e4elinten ymp\u00e4rill\u00e4, jolloin se on helppo poistaa ruuan valmistuksen yhteydess\u00e4.Suomenlampaan erityisiin ominaisuuksiin kuuluu my\u00f6s hyv\u00e4laatuinen, hieno, pehme\u00e4 ja kiilt\u00e4v\u00e4 villa, joka tunnetaan my\u00f6s hyvist\u00e4 huopumisominaisuuksistaan. K\u00e4si- ja taideteollisuudessa suomenlampaan villa on eritt\u00e4in haluttu raaka-aine.<\/p>\n<\/div><div class=\"sc_promo_content sc_item_content\">[vc_empty_space alter_height=&#8221;medium&#8221; hide_on_desktop=&#8221;&#8221; hide_on_notebook=&#8221;&#8221; hide_on_tablet=&#8221;&#8221; hide_on_mobile=&#8221;&#8221;]<\/div><\/div>\n\t\t<\/div><!-- \/.sc_promo_text --><\/div><!-- \/.sc_promo --><div  id=\"sc_promo_1652144902\" \n\tclass=\"sc_promo color_style_default sc_promo_default  vc_custom_1557348204362 sc_promo_size_normal sc_promo_image_position_left\"><div class=\"sc_promo_image\" style=\"background-image:url(https:\/\/www.joutavilla.fi\/wp-content\/uploads\/2018\/07\/20190424_095427.jpg);width:50%;left: 0;\"><\/div><div class=\"sc_promo_text\" style=\"width: 50%;float: right;\">\n\t\t\t<div class=\"sc_promo_text_inner sc_content_width_50%\" style=\"\"><h4 class=\"sc_item_title sc_promo_title sc_align_center sc_item_title_style_default sc_item_title_tag\">It\u00e4suomenkarja<\/h4><div class=\"sc_item_descr sc_promo_descr sc_align_center\"><p>Tilallemme muutti marraskuussa 2018 muutama yksil\u00f6 it\u00e4suomenkarjaa. Puhekieless\u00e4 rodusta k\u00e4ytet\u00e4\u00e4n usein nimityst\u00e4 \"kyytt\u00f6\", mik\u00e4 kuitenkin varsinaisessa merkityksess\u00e4\u00e4n kuvaa nautojen v\u00e4rityst\u00e4, jossa el\u00e4imen kyljet ovat tummat ja selk\u00e4pii, joskus my\u00f6s vatsanalus, on valkoinen. It\u00e4suomenkarja on alkuper\u00e4isnautaroduistamme vanhin ja kooltaan pienin. Sen maitotuotos on muihin rotuihin verrattuna pieni, mutta maidon valkuais- ja rasvapitoisuuksista johtuen sill\u00e4 on eritt\u00e4in hyv\u00e4t juustoutumisominaisuudet.  Rodun tyypillisi\u00e4 ominaisuuksia ovat hyv\u00e4 terveys, sitkeys ja pitk\u00e4ik\u00e4isyys. Luonteeltaan t\u00e4m\u00e4 rotu on yleens\u00e4 sosiaalinen, aktiivinen ja jopa utelias.<\/p>\n<p>JoutaVillan tilalla elelee t\u00e4ll\u00e4 hetkell\u00e4 kolme kyytt\u00f6\u00e4: Pyllikki, Punikki ja Omena. Ne asustavat talvisin kylm\u00e4pihatossa, jossa liikkuminen on vapaata joko katos- tai taivasalla. Ravintona joutilasaikaan on omilta pelloilta paalattu kuivahein\u00e4, kes\u00e4aikaan tytt\u00f6set p\u00e4\u00e4sev\u00e4t mets\u00e4laitumille maisemanhoitoteht\u00e4viin nauttimaan vapaudesta. Pyllikki ja Omena ovat luonteeltaan Punikkia rohkeampia, toisinaan ne jopa nauttivat rapsutuksista. Uteliaita n\u00e4ist\u00e4 yksil\u00f6ist\u00e4 ovat kaikki.<\/p>\n<\/div><div class=\"sc_promo_content sc_item_content\">[vc_empty_space alter_height=&#8221;medium&#8221; hide_on_desktop=&#8221;&#8221; hide_on_notebook=&#8221;&#8221; hide_on_tablet=&#8221;&#8221; hide_on_mobile=&#8221;&#8221; css=&#8221;.vc_custom_1505743881350{margin-top: 2.2rem !important;}&#8221;]<\/div><\/div>\n\t\t<\/div><!-- \/.sc_promo_text --><\/div><!-- \/.sc_promo --><div  id=\"sc_promo_1079640991\" \n\tclass=\"sc_promo color_style_default sc_promo_default  vc_custom_1639061614185 sc_promo_size_normal sc_promo_image_position_left\"><div class=\"sc_promo_image\" style=\"background-image:url(https:\/\/www.joutavilla.fi\/wp-content\/uploads\/2021\/12\/Joutavilla-kissa-scaled.jpg);width:50%;left: 0;\"><\/div><div class=\"sc_promo_text\" style=\"width: 50%;float: right;\">\n\t\t\t<div class=\"sc_promo_text_inner sc_content_width_50%\" style=\"\"><h4 class=\"sc_item_title sc_promo_title sc_align_center sc_item_title_style_default sc_item_title_tag\">Kissa<\/h4><div class=\"sc_item_descr sc_promo_descr sc_align_center\"><p>Kissat osaavat ottaa rennosti:)<\/p>\n<\/div><div class=\"sc_promo_content sc_item_content\">[vc_empty_space alter_height=&#8221;medium&#8221; hide_on_desktop=&#8221;&#8221; hide_on_notebook=&#8221;&#8221; hide_on_tablet=&#8221;&#8221; hide_on_mobile=&#8221;&#8221; css=&#8221;.vc_custom_1505743881350{margin-top: 2.2rem !important;}&#8221;]<\/div><\/div>\n\t\t<\/div><!-- \/.sc_promo_text --><\/div><!-- \/.sc_promo -->[\/vc_column][\/vc_row]<\/p>\n","protected":false},"excerpt":{"rendered":"<p>[vc_row][vc_column][vc_empty_space alter_height=&#8221;medium&#8221; hide_on_desktop=&#8221;&#8221; hide_on_notebook=&#8221;&#8221; hide_on_tablet=&#8221;&#8221; hide_on_mobile=&#8221;&#8221;][vc_empty_space alter_height=&#8221;huge&#8221; hide_on_desktop=&#8221;&#8221; hide_on_notebook=&#8221;&#8221; hide_on_tablet=&#8221;&#8221; hide_on_mobile=&#8221;&#8221;][vc_empty_space alter_height=&#8221;medium&#8221; hide_on_desktop=&#8221;&#8221; hide_on_notebook=&#8221;&#8221; hide_on_tablet=&#8221;&#8221; hide_on_mobile=&#8221;&#8221; css=&#8221;.vc_custom_1505743881350{margin-top: 2.2rem !important;}&#8221;][\/vc_column][\/vc_row]<\/p>\n","protected":false},"author":5,"featured_media":0,"parent":0,"menu_order":0,"comment_status":"closed","ping_status":"closed","template":"","meta":{"footnotes":""},"class_list":["post-1187","page","type-page","status-publish","hentry"],"_links":{"self":[{"href":"https:\/\/www.joutavilla.fi\/index.php\/wp-json\/wp\/v2\/pages\/1187","targetHints":{"allow":["GET"]}}],"collection":[{"href":"https:\/\/www.joutavilla.fi\/index.php\/wp-json\/wp\/v2\/pages"}],"about":[{"href":"https:\/\/www.joutavilla.fi\/index.php\/wp-json\/wp\/v2\/types\/page"}],"author":[{"embeddable":true,"href":"https:\/\/www.joutavilla.fi\/index.php\/wp-json\/wp\/v2\/users\/5"}],"replies":[{"embeddable":true,"href":"https:\/\/www.joutavilla.fi\/index.php\/wp-json\/wp\/v2\/comments?post=1187"}],"version-history":[{"count":39,"href":"https:\/\/www.joutavilla.fi\/index.php\/wp-json\/wp\/v2\/pages\/1187\/revisions"}],"predecessor-version":[{"id":1681,"href":"https:\/\/www.joutavilla.fi\/index.php\/wp-json\/wp\/v2\/pages\/1187\/revisions\/1681"}],"wp:attachment":[{"href":"https:\/\/www.joutavilla.fi\/index.php\/wp-json\/wp\/v2\/media?parent=1187"}],"curies":[{"name":"wp","href":"https:\/\/api.w.org\/{rel}","templated":true}]}}